{"id":40,"date":"2021-08-29T16:59:16","date_gmt":"2021-08-29T16:59:16","guid":{"rendered":"http:\/\/aivonswp.pixydrops.com\/?page_id=40"},"modified":"2025-04-14T17:15:55","modified_gmt":"2025-04-14T15:15:55","slug":"contacto","status":"publish","type":"page","link":"https:\/\/contafistodoxestion.com\/gl\/contacto\/","title":{"rendered":"Contacto"},"content":{"rendered":"<div data-elementor-type=\"wp-page\" data-elementor-id=\"40\" class=\"elementor elementor-40\">\n\t\t\t\t\t\t<section class=\"elementor-section elementor-top-section elementor-element elementor-element-6d08701 elementor-section-full_width elementor-section-height-default elementor-section-height-default\" data-id=\"6d08701\" data-element_type=\"section\">\n\t\t\t\t\t\t<div class=\"elementor-container elementor-column-gap-narrow\">\n\t\t\t\t\t<div class=\"elementor-column elementor-col-100 elementor-top-column elementor-element elementor-element-0cd5be9\" data-id=\"0cd5be9\" data-element_type=\"column\">\n\t\t\t<div class=\"elementor-widget-wrap elementor-element-populated\">\n\t\t\t\t\t\t<div class=\"elementor-element elementor-element-af84a8d elementor-widget elementor-widget-aivons-contact-form\" data-id=\"af84a8d\" data-element_type=\"widget\" data-widget_type=\"aivons-contact-form.default\">\n\t\t\t\t<div class=\"elementor-widget-container\">\n\t\t\t\t\t<!--Message Box Start-->\r\n<section class=\"message-box\">\r\n    <div class=\"container\">\r\n        <div class=\"row\">\r\n            <div class=\"col-xl-4 col-lg-5\">\r\n                <div class=\"message-box__left\">\r\n                                            <div class=\"section-title text-left\">\r\n                                                    <h2 class=\"section-title__title\">Falemos sobre as t\u00faas necesidades<\/h2>\r\n                                                                            <span class=\"section-title__tagline\"> Conf\u00eda nun equipo con experiencia en asesor\u00eda fiscal, contable e laboral.<\/span>\r\n                                                <\/div>\r\n                                                                <div class=\"message-box__social\">\r\n                                                            <a href=\"\"><i class=\"fab\"><\/i><\/a>\r\n                                                    <\/div>\r\n                                    <\/div>\r\n            <\/div>\r\n            <div class=\"col-xl-8 col-lg-7\">\r\n                <div class=\"message-box__right\">\r\n                                                \n<div class=\"wpcf7 no-js\" id=\"wpcf7-f216-o1\" lang=\"en-US\" dir=\"ltr\" data-wpcf7-id=\"216\">\n<div class=\"screen-reader-response\"><p role=\"status\" aria-live=\"polite\" aria-atomic=\"true\"><\/p> <ul><\/ul><\/div>\n<form action=\"\/gl\/wp-json\/wp\/v2\/pages\/40#wpcf7-f216-o1\" method=\"post\" class=\"wpcf7-form init\" aria-label=\"Contact form\" novalidate=\"novalidate\" data-status=\"init\" data-trp-original-action=\"\/gl\/wp-json\/wp\/v2\/pages\/40#wpcf7-f216-o1\">\n<fieldset class=\"hidden-fields-container\"><input type=\"hidden\" name=\"_wpcf7\" value=\"216\" \/><input type=\"hidden\" name=\"_wpcf7_version\" value=\"6.1.3\" \/><input type=\"hidden\" name=\"_wpcf7_locale\" value=\"en_US\" \/><input type=\"hidden\" name=\"_wpcf7_unit_tag\" value=\"wpcf7-f216-o1\" \/><input type=\"hidden\" name=\"_wpcf7_container_post\" value=\"0\" \/><input type=\"hidden\" name=\"_wpcf7_posted_data_hash\" value=\"\" \/><input type=\"hidden\" name=\"_wpcf7_recaptcha_response\" value=\"\" \/>\n<\/fieldset>\n<div class=\"comment-one__form\" >\n\t<div class=\"row\">\n\t\t<div class=\"col-xl-6\">\n\t\t\t<div class=\"comment-form__input-box\">\n\t\t\t\t<p><span class=\"wpcf7-form-control-wrap\" data-name=\"your-name\"><input size=\"40\" maxlength=\"400\" class=\"wpcf7-form-control wpcf7-text wpcf7-validates-as-required\" aria-required=\"true\" aria-invalid=\"false\" placeholder=\"Nome\" value=\"\" type=\"text\" name=\"your-name\" \/><\/span>\n\t\t\t\t<\/p>\n\t\t\t\t<div class=\"comment-form__icon\">\n\t\t\t\t\t<p><i class=\"far fa-user-circle\"><\/i>\n\t\t\t\t\t<\/p>\n\t\t\t\t<\/div>\n\t\t\t<\/div>\n\t\t<\/div>\n\t\t<div class=\"col-xl-6\">\n\t\t\t<div class=\"comment-form__input-box\">\n\t\t\t\t<p><span class=\"wpcf7-form-control-wrap\" data-name=\"your-email\"><input size=\"40\" maxlength=\"400\" class=\"wpcf7-form-control wpcf7-email wpcf7-validates-as-required wpcf7-text wpcf7-validates-as-email\" aria-required=\"true\" aria-invalid=\"false\" placeholder=\"Correo electr\u00f3nico\" value=\"\" type=\"email\" name=\"your-email\" \/><\/span>\n\t\t\t\t<\/p>\n\t\t\t\t<div class=\"comment-form__icon\">\n\t\t\t\t\t<p><i class=\"far fa-envelope\"><\/i>\n\t\t\t\t\t<\/p>\n\t\t\t\t<\/div>\n\t\t\t<\/div>\n\t\t<\/div>\n\t<\/div>\n\t<div class=\"row\">\n\t\t<div class=\"col-xl-12\">\n\t\t\t<div class=\"comment-form__input-box\">\n\t\t\t\t<p><span class=\"wpcf7-form-control-wrap\" data-name=\"your-message\"><textarea cols=\"40\" rows=\"10\" maxlength=\"2000\" class=\"wpcf7-form-control wpcf7-textarea\" aria-invalid=\"false\" placeholder=\"Escribir mensaxe\" name=\"your-message\"><\/textarea><\/span>\n\t\t\t\t<\/p>\n\t\t\t\t<div class=\"comment-form__icon contact-expert__icon-comment\">\n\t\t\t\t\t<p><i class=\"far fa-comment\"><\/i>\n\t\t\t\t\t<\/p>\n\t\t\t\t<\/div>\n\t\t\t<\/div>\n\t\t\t<p><button type=\"submit\" class=\"thm-btn comment-form__btn\">Enviar mensaxe<\/button>\n\t\t\t<\/p>\n\t\t<\/div>\n\t<\/div>\n<\/div><div class=\"wpcf7-response-output\" aria-hidden=\"true\"><\/div>\n<input type=\"hidden\" name=\"trp-form-language\" value=\"gl\"\/><\/form>\n<\/div>\n                                    <\/div>\r\n            <\/div>\r\n        <\/div>\r\n    <\/div>\r\n<\/section>\r\n<!--Message Box End-->\r\n\r\n\t\t\t\t<\/div>\n\t\t\t\t<\/div>\n\t\t\t\t\t<\/div>\n\t\t<\/div>\n\t\t\t\t\t<\/div>\n\t\t<\/section>\n\t\t\t\t<section class=\"elementor-section elementor-top-section elementor-element elementor-element-6026aa7 elementor-section-full_width elementor-section-height-default elementor-section-height-default\" data-id=\"6026aa7\" data-element_type=\"section\">\n\t\t\t\t\t\t<div class=\"elementor-container elementor-column-gap-no\">\n\t\t\t\t\t<div class=\"elementor-column elementor-col-100 elementor-top-column elementor-element elementor-element-3b8038c\" data-id=\"3b8038c\" data-element_type=\"column\">\n\t\t\t<div class=\"elementor-widget-wrap elementor-element-populated\">\n\t\t\t\t\t\t<div class=\"elementor-element elementor-element-18f619e elementor-widget elementor-widget-aivons-info-box\" data-id=\"18f619e\" data-element_type=\"widget\" data-widget_type=\"aivons-info-box.default\">\n\t\t\t\t<div class=\"elementor-widget-container\">\n\t\t\t\t\t    <!--Locations Start-->\r\n    <section class=\"locations\">\r\n        <div class=\"container\">\r\n            <div class=\"location__inner\">\r\n                                    <div class=\"section-title text-center\">\r\n                                                    <h2 class=\"section-title__title\">Onde estamos<\/h2>\r\n                                                                    <\/div>\r\n                                <div class=\"row\">\r\n                                                                        <div class=\"col-xl-3 col-lg-6 col-md-6 wow fadeInUp\" data-wow-delay=\"0ms\">\r\n                                <!--Locations Single-->\r\n                                <div class=\"locations__single\">\r\n                                    <h3 class=\"locations__title\">Oficina<\/h3>\r\n                                    <p class=\"locations__text\">Rda. Valle-Incl\u00e1n, 1, Ent. D - 27004 Lugo<\/p>\r\n                                    <h4 class=\"locations__mail-phone-box\">\r\n                                        <a href=\"\/gl\/info@contafistodoxestion.com\/\" class=\"locations__mail\">info@contafistodoxestion.com<\/a>\r\n                                        <a href=\"tel:\" class=\"locations__phone\">982 80 34 32<\/a>\r\n                                    <\/h4>\r\n                                <\/div>\r\n                            <\/div>\r\n                                    <\/div>\r\n            <\/div>\r\n        <\/div>\r\n    <\/section>\r\n    <!--Locations End-->\r\n\t\t\t\t<\/div>\n\t\t\t\t<\/div>\n\t\t\t\t\t<\/div>\n\t\t<\/div>\n\t\t\t\t\t<\/div>\n\t\t<\/section>\n\t\t\t\t<section class=\"elementor-section elementor-top-section elementor-element elementor-element-40b1fd7 elementor-section-full_width elementor-section-height-default elementor-section-height-default\" data-id=\"40b1fd7\" data-element_type=\"section\">\n\t\t\t\t\t\t<div class=\"elementor-container elementor-column-gap-no\">\n\t\t\t\t\t<div class=\"elementor-column elementor-col-100 elementor-top-column elementor-element elementor-element-26d612c\" data-id=\"26d612c\" data-element_type=\"column\">\n\t\t\t<div class=\"elementor-widget-wrap elementor-element-populated\">\n\t\t\t\t\t\t<div class=\"elementor-element elementor-element-1e1786a elementor-widget elementor-widget-google_maps\" data-id=\"1e1786a\" data-element_type=\"widget\" data-widget_type=\"google_maps.default\">\n\t\t\t\t<div class=\"elementor-widget-container\">\n\t\t\t\t\t\t\t<div class=\"elementor-custom-embed\">\n\t\t\t<iframe loading=\"lazy\"\n\t\t\t\t\tsrc=\"https:\/\/maps.google.com\/maps?q=contafis%20todoxestion&#038;t=m&#038;z=18&#038;output=embed&#038;iwloc=near\"\n\t\t\t\t\ttitle=\"contafis todoxestion\"\n\t\t\t\t\taria-label=\"contafis todoxestion\"\n\t\t\t><\/iframe>\n\t\t<\/div>\n\t\t\t\t\t\t<\/div>\n\t\t\t\t<\/div>\n\t\t\t\t\t<\/div>\n\t\t<\/div>\n\t\t\t\t\t<\/div>\n\t\t<\/section>\n\t\t\t\t<\/div>","protected":false},"excerpt":{"rendered":"<p>Hablemos sobre tus necesidades Conf\u00eda en un equipo con experiencia en asesor\u00eda fiscal, contable y laboral. Enviar mensaje D\u00f3nde estamos Oficina Rda. Valle Incl\u00e1n, 1, Ent. D &#8211; 27004 Lugo info@contafistodoxestion.com 982 80 34 32<\/p>","protected":false},"author":1,"featured_media":0,"parent":0,"menu_order":0,"comment_status":"closed","ping_status":"closed","template":"elementor_header_footer","meta":{"footnotes":""},"class_list":["post-40","page","type-page","status-publish","hentry"],"yoast_head":"<!-- This site is optimized with the Yoast SEO plugin v26.3 - https:\/\/yoast.com\/wordpress\/plugins\/seo\/ -->\n<title>Contacto - ContaFis TodoXesti\u00f3n<\/title>\n<meta name=\"robots\" content=\"index, follow, max-snippet:-1, max-image-preview:large, max-video-preview:-1\" \/>\n<link rel=\"canonical\" href=\"https:\/\/contafistodoxestion.com\/gl\/contacto\/\" \/>\n<meta property=\"og:locale\" content=\"gl_ES\" \/>\n<meta property=\"og:type\" content=\"article\" \/>\n<meta property=\"og:title\" content=\"Contacto - ContaFis TodoXesti\u00f3n\" \/>\n<meta property=\"og:description\" content=\"Hablemos sobre tus necesidades Conf\u00eda en un equipo con experiencia en asesor\u00eda fiscal, contable y laboral. Enviar mensaje D\u00f3nde estamos Oficina Rda. Valle Incl\u00e1n, 1, Ent. D &#8211; 27004 Lugo info@contafistodoxestion.com 982 80 34 32\" \/>\n<meta property=\"og:url\" content=\"https:\/\/contafistodoxestion.com\/gl\/contacto\/\" \/>\n<meta property=\"og:site_name\" content=\"ContaFis TodoXesti\u00f3n\" \/>\n<meta property=\"article:modified_time\" content=\"2025-04-14T15:15:55+00:00\" \/>\n<meta name=\"twitter:card\" content=\"summary_large_image\" \/>\n<script type=\"application\/ld+json\" class=\"yoast-schema-graph\">{\"@context\":\"https:\/\/schema.org\",\"@graph\":[{\"@type\":\"WebPage\",\"@id\":\"https:\/\/contafistodoxestion.com\/contacto\/\",\"url\":\"https:\/\/contafistodoxestion.com\/contacto\/\",\"name\":\"Contacto - ContaFis TodoXesti\u00f3n\",\"isPartOf\":{\"@id\":\"https:\/\/contafistodoxestion.com\/#website\"},\"datePublished\":\"2021-08-29T16:59:16+00:00\",\"dateModified\":\"2025-04-14T15:15:55+00:00\",\"breadcrumb\":{\"@id\":\"https:\/\/contafistodoxestion.com\/contacto\/#breadcrumb\"},\"inLanguage\":\"gl-ES\",\"potentialAction\":[{\"@type\":\"ReadAction\",\"target\":[\"https:\/\/contafistodoxestion.com\/contacto\/\"]}]},{\"@type\":\"BreadcrumbList\",\"@id\":\"https:\/\/contafistodoxestion.com\/contacto\/#breadcrumb\",\"itemListElement\":[{\"@type\":\"ListItem\",\"position\":1,\"name\":\"Portada\",\"item\":\"https:\/\/contafistodoxestion.com\/\"},{\"@type\":\"ListItem\",\"position\":2,\"name\":\"Contacto\"}]},{\"@type\":\"WebSite\",\"@id\":\"https:\/\/contafistodoxestion.com\/#website\",\"url\":\"https:\/\/contafistodoxestion.com\/\",\"name\":\"ContaFis TodoXesti\u00f3n\",\"description\":\"\",\"publisher\":{\"@id\":\"https:\/\/contafistodoxestion.com\/#organization\"},\"potentialAction\":[{\"@type\":\"SearchAction\",\"target\":{\"@type\":\"EntryPoint\",\"urlTemplate\":\"https:\/\/contafistodoxestion.com\/?s={search_term_string}\"},\"query-input\":{\"@type\":\"PropertyValueSpecification\",\"valueRequired\":true,\"valueName\":\"search_term_string\"}}],\"inLanguage\":\"gl-ES\"},{\"@type\":\"Organization\",\"@id\":\"https:\/\/contafistodoxestion.com\/#organization\",\"name\":\"CONTAFIS TODOXESTION SL\",\"url\":\"https:\/\/contafistodoxestion.com\/\",\"logo\":{\"@type\":\"ImageObject\",\"inLanguage\":\"gl-ES\",\"@id\":\"https:\/\/contafistodoxestion.com\/#\/schema\/logo\/image\/\",\"url\":\"https:\/\/contafistodoxestion.com\/wp-content\/uploads\/2021\/08\/logo-Contafis-vertical.jpg\",\"contentUrl\":\"https:\/\/contafistodoxestion.com\/wp-content\/uploads\/2021\/08\/logo-Contafis-vertical.jpg\",\"width\":259,\"height\":120,\"caption\":\"CONTAFIS TODOXESTION SL\"},\"image\":{\"@id\":\"https:\/\/contafistodoxestion.com\/#\/schema\/logo\/image\/\"}}]}<\/script>\n<!-- \/ Yoast SEO plugin. -->","yoast_head_json":{"title":"Contacto - ContaFis TodoXesti\u00f3n","robots":{"index":"index","follow":"follow","max-snippet":"max-snippet:-1","max-image-preview":"max-image-preview:large","max-video-preview":"max-video-preview:-1"},"canonical":"https:\/\/contafistodoxestion.com\/gl\/contacto\/","og_locale":"gl_ES","og_type":"article","og_title":"Contacto - ContaFis TodoXesti\u00f3n","og_description":"Hablemos sobre tus necesidades Conf\u00eda en un equipo con experiencia en asesor\u00eda fiscal, contable y laboral. Enviar mensaje D\u00f3nde estamos Oficina Rda. Valle Incl\u00e1n, 1, Ent. D &#8211; 27004 Lugo info@contafistodoxestion.com 982 80 34 32","og_url":"https:\/\/contafistodoxestion.com\/gl\/contacto\/","og_site_name":"ContaFis TodoXesti\u00f3n","article_modified_time":"2025-04-14T15:15:55+00:00","twitter_card":"summary_large_image","schema":{"@context":"https:\/\/schema.org","@graph":[{"@type":"WebPage","@id":"https:\/\/contafistodoxestion.com\/contacto\/","url":"https:\/\/contafistodoxestion.com\/contacto\/","name":"Contacto - ContaFis TodoXesti\u00f3n","isPartOf":{"@id":"https:\/\/contafistodoxestion.com\/#website"},"datePublished":"2021-08-29T16:59:16+00:00","dateModified":"2025-04-14T15:15:55+00:00","breadcrumb":{"@id":"https:\/\/contafistodoxestion.com\/contacto\/#breadcrumb"},"inLanguage":"gl-ES","potentialAction":[{"@type":"ReadAction","target":["https:\/\/contafistodoxestion.com\/contacto\/"]}]},{"@type":"BreadcrumbList","@id":"https:\/\/contafistodoxestion.com\/contacto\/#breadcrumb","itemListElement":[{"@type":"ListItem","position":1,"name":"Portada","item":"https:\/\/contafistodoxestion.com\/"},{"@type":"ListItem","position":2,"name":"Contacto"}]},{"@type":"WebSite","@id":"https:\/\/contafistodoxestion.com\/#website","url":"https:\/\/contafistodoxestion.com\/","name":"ContaFis TodoXesti\u00f3n","description":"","publisher":{"@id":"https:\/\/contafistodoxestion.com\/#organization"},"potentialAction":[{"@type":"SearchAction","target":{"@type":"EntryPoint","urlTemplate":"https:\/\/contafistodoxestion.com\/?s={search_term_string}"},"query-input":{"@type":"PropertyValueSpecification","valueRequired":true,"valueName":"search_term_string"}}],"inLanguage":"gl-ES"},{"@type":"Organization","@id":"https:\/\/contafistodoxestion.com\/#organization","name":"CONTAFIS TODOXESTION SL","url":"https:\/\/contafistodoxestion.com\/","logo":{"@type":"ImageObject","inLanguage":"gl-ES","@id":"https:\/\/contafistodoxestion.com\/#\/schema\/logo\/image\/","url":"https:\/\/contafistodoxestion.com\/wp-content\/uploads\/2021\/08\/logo-Contafis-vertical.jpg","contentUrl":"https:\/\/contafistodoxestion.com\/wp-content\/uploads\/2021\/08\/logo-Contafis-vertical.jpg","width":259,"height":120,"caption":"CONTAFIS TODOXESTION SL"},"image":{"@id":"https:\/\/contafistodoxestion.com\/#\/schema\/logo\/image\/"}}]}},"_links":{"self":[{"href":"https:\/\/contafistodoxestion.com\/gl\/wp-json\/wp\/v2\/pages\/40","targetHints":{"allow":["GET"]}}],"collection":[{"href":"https:\/\/contafistodoxestion.com\/gl\/wp-json\/wp\/v2\/pages"}],"about":[{"href":"https:\/\/contafistodoxestion.com\/gl\/wp-json\/wp\/v2\/types\/page"}],"author":[{"embeddable":true,"href":"https:\/\/contafistodoxestion.com\/gl\/wp-json\/wp\/v2\/users\/1"}],"replies":[{"embeddable":true,"href":"https:\/\/contafistodoxestion.com\/gl\/wp-json\/wp\/v2\/comments?post=40"}],"version-history":[{"count":8,"href":"https:\/\/contafistodoxestion.com\/gl\/wp-json\/wp\/v2\/pages\/40\/revisions"}],"predecessor-version":[{"id":831,"href":"https:\/\/contafistodoxestion.com\/gl\/wp-json\/wp\/v2\/pages\/40\/revisions\/831"}],"wp:attachment":[{"href":"https:\/\/contafistodoxestion.com\/gl\/wp-json\/wp\/v2\/media?parent=40"}],"curies":[{"name":"wp","href":"https:\/\/api.w.org\/{rel}","templated":true}]}}