{"id":23,"date":"2021-08-29T16:49:25","date_gmt":"2021-08-29T16:49:25","guid":{"rendered":"http:\/\/aivonswp.pixydrops.com\/?page_id=23"},"modified":"2025-04-14T17:15:55","modified_gmt":"2025-04-14T15:15:55","slug":"quienes-somos","status":"publish","type":"page","link":"https:\/\/contafistodoxestion.com\/gl\/quienes-somos\/","title":{"rendered":"Quen somos"},"content":{"rendered":"<div data-elementor-type=\"wp-page\" data-elementor-id=\"23\" class=\"elementor elementor-23\">\n\t\t\t\t\t\t<section class=\"elementor-section elementor-top-section elementor-element elementor-element-c8c3fa8 elementor-section-full_width elementor-section-height-default elementor-section-height-default\" data-id=\"c8c3fa8\" data-element_type=\"section\">\n\t\t\t\t\t\t<div class=\"elementor-container elementor-column-gap-no\">\n\t\t\t\t\t<div class=\"elementor-column elementor-col-100 elementor-top-column elementor-element elementor-element-d1c6be7\" data-id=\"d1c6be7\" data-element_type=\"column\">\n\t\t\t<div class=\"elementor-widget-wrap elementor-element-populated\">\n\t\t\t\t\t\t<div class=\"elementor-element elementor-element-471e4f0 elementor-widget elementor-widget-aivons-about\" data-id=\"471e4f0\" data-element_type=\"widget\" id=\"quienes-somos\" data-widget_type=\"aivons-about.default\">\n\t\t\t\t<div class=\"elementor-widget-container\">\n\t\t\t\t\t\t<!--About Start-->\r\n\t<section class=\"about\">\r\n\t\t<div class=\"container\">\r\n\t\t\t<div class=\"row\">\r\n\t\t\t\t\t\t\t\t\t<div class=\"col-xl-6 col-lg-6\">\r\n\t\t\t\t\t\t<div class=\"about__img-box\">\r\n\t\t\t\t\t\t\t<div class=\"about-img\">\r\n\t\t\t\t\t\t\t\t<img decoding=\"async\" src=\"https:\/\/contafistodoxestion.com\/wp-content\/uploads\/2025\/04\/FACHADA-ASESORIA.jpg\" alt=\"\">\r\n\t\t\t\t\t\t\t<\/div>\r\n\t\t\t\t\t\t<\/div>\r\n\t\t\t\t\t<\/div>\r\n\t\t\t\t\t\t\t\t<div class=\"col-xl-6 col-lg-6\">\r\n\t\t\t\t\t<div class=\"about__right\">\r\n\t\t\t\t\t\t\t\t\t\t\t\t\t<h2 class=\"about__title\">ContaFis TodoXesti\u00f3n<\/h2>\r\n\t\t\t\t\t\t\t\t\t\t\t\t\t\t\t\t\t\t\t\t\t\t\t\t\t<p class=\"about__right-text\">En <b>Contafis TodoXesti\u00f3n<\/b>, especializ\u00e1monos en ofrecer un servizo integral de asesoramento fiscal, contable e laboral para empresas, aut\u00f3nomos e particulares. O noso equipo est\u00e1 composto por profesionais con ampla experiencia en cada \u00e1rea, comprometidos en brindarche soluci\u00f3ns eficientes e personalizadas.<br><br>\n\nSabemos que xestionar un negocio implica tomar decisi\u00f3ns clave e cumprir con numerosas obrigaci\u00f3ns. Por iso, o noso obxectivo \u00e9 facilitarche cada proceso, asegurando que todas as t\u00faas xesti\u00f3ns sexan realizadas con profesionalidade, proximidade e total transparencia.<br><br>\n\nAdemais, contamos cunha rede de colaboradores de confianza que complementan os nosos servizos, permit\u00edndonos ofrecerche soluci\u00f3ns a\u00ednda m\u00e1is completas, desde a contrataci\u00f3n de seguros ata tr\u00e1mites administrativos especializados.<br><br>\n\nEn <b>Contafis TodoXesti\u00f3n<\/b>, traballamos para que te centres no que realmente importa: facer crecer o teu negocio coa tranquilidade de contar cun equipo que coida de cada detalle.<\/p>\r\n\t\t\t\t\t\t\t\t\t\t\t\t\t\t\t\t\t\t\t<div class=\"listen__progress-wrap\">\r\n\t\t\t\t\t\t\t\t\t\t\t\t\t\t\t\t\t<div class=\"listen__progress\">\r\n\t\t\t\t\t\t\t\t\t\t<div class=\"listen__progress-box\">\r\n\t\t\t\t\t\t\t\t\t\t\t<div class=\"circle-progress\" data-options='{ \"value\": 0.9,\"thickness\": 3,\"emptyFill\": \"#f2f4f8\",\"lineCap\": \"square\", \"size\": 112, \"fill\": { \"color\": \"#3c72fc\" } }'>\r\n\t\t\t\t\t\t\t\t\t\t\t<\/div><!-- \/.circle-progress -->\r\n\t\t\t\t\t\t\t\t\t\t\t<span>%<\/span>\r\n\t\t\t\t\t\t\t\t\t\t<\/div>\r\n\t\t\t\t\t\t\t\t\t\t<div class=\"listen__progress-content\">\r\n\t\t\t\t\t\t\t\t\t\t\t<h3>\n<\/h3>\r\n\t\t\t\t\t\t\t\t\t\t<\/div>\r\n\t\t\t\t\t\t\t\t\t<\/div>\r\n\t\t\t\t\t\t\t\t\t\t\t\t\t\t\t<\/div>\r\n\t\t\t\t\t\t\t\t\t\t\t\t\t\t\t\t\t\t\t<div class=\"about__phone-contact\">\r\n\t\t\t\t\t\t\t\t<div class=\"about__phone-contact-icon\">\r\n\t\t\t\t\t\t\t\t\t<span class=\"icon-phone-ringing\"><\/span>\r\n\t\t\t\t\t\t\t\t<\/div>\r\n\t\t\t\t\t\t\t\t<div class=\"about__phone-contact-text\">\r\n\t\t\t\t\t\t\t\t\t<p>Axud\u00e1mosche?<\/p>\r\n\t\t\t\t\t\t\t\t\t<a href=\"tel:982-84-34-32\">982 84 34 32<\/a>\r\n\t\t\t\t\t\t\t\t<\/div>\r\n\t\t\t\t\t\t\t<\/div>\r\n\t\t\t\t\t\t\t\t\t\t\t<\/div>\r\n\t\t\t\t<\/div>\r\n\t\t\t<\/div>\r\n\t\t<\/div>\r\n\t<\/section>\r\n\t<!--About End-->\r\n\r\n\t\t\t\t<\/div>\n\t\t\t\t<\/div>\n\t\t\t\t\t<\/div>\n\t\t<\/div>\n\t\t\t\t\t<\/div>\n\t\t<\/section>\n\t\t\t\t<\/div>","protected":false},"excerpt":{"rendered":"<p>ContaFis TodoXesti\u00f3n En Contafis TodoXesti\u00f3n, nos especializamos en ofrecer un servicio integral de asesoramiento fiscal, contable y laboral para empresas, aut\u00f3nomos y particulares. Nuestro equipo est\u00e1 compuesto por profesionales con amplia experiencia en cada \u00e1rea, comprometidos en brindarte soluciones eficientes y personalizadas. Sabemos que gestionar un negocio implica tomar decisiones clave y cumplir con numerosas [&hellip;]<\/p>","protected":false},"author":1,"featured_media":0,"parent":0,"menu_order":0,"comment_status":"closed","ping_status":"closed","template":"elementor_header_footer","meta":{"footnotes":""},"class_list":["post-23","page","type-page","status-publish","hentry"],"yoast_head":"<!-- This site is optimized with the Yoast SEO plugin v26.3 - https:\/\/yoast.com\/wordpress\/plugins\/seo\/ -->\n<title>Qui\u00e9nes somos - ContaFis TodoXesti\u00f3n<\/title>\n<meta name=\"robots\" content=\"index, follow, max-snippet:-1, max-image-preview:large, max-video-preview:-1\" \/>\n<link rel=\"canonical\" href=\"https:\/\/contafistodoxestion.com\/gl\/quienes-somos\/\" \/>\n<meta property=\"og:locale\" content=\"gl_ES\" \/>\n<meta property=\"og:type\" content=\"article\" \/>\n<meta property=\"og:title\" content=\"Qui\u00e9nes somos - ContaFis TodoXesti\u00f3n\" \/>\n<meta property=\"og:description\" content=\"ContaFis TodoXesti\u00f3n En Contafis TodoXesti\u00f3n, nos especializamos en ofrecer un servicio integral de asesoramiento fiscal, contable y laboral para empresas, aut\u00f3nomos y particulares. Nuestro equipo est\u00e1 compuesto por profesionales con amplia experiencia en cada \u00e1rea, comprometidos en brindarte soluciones eficientes y personalizadas. Sabemos que gestionar un negocio implica tomar decisiones clave y cumplir con numerosas [&hellip;]\" \/>\n<meta property=\"og:url\" content=\"https:\/\/contafistodoxestion.com\/gl\/quienes-somos\/\" \/>\n<meta property=\"og:site_name\" content=\"ContaFis TodoXesti\u00f3n\" \/>\n<meta property=\"article:modified_time\" content=\"2025-04-14T15:15:55+00:00\" \/>\n<meta property=\"og:image\" content=\"https:\/\/contafistodoxestion.com\/wp-content\/uploads\/2025\/04\/FACHADA-ASESORIA.jpg\" \/>\n<meta name=\"twitter:card\" content=\"summary_large_image\" \/>\n<meta name=\"twitter:label1\" content=\"Tempo de lectura\" \/>\n\t<meta name=\"twitter:data1\" content=\"1 minuto\" \/>\n<script type=\"application\/ld+json\" class=\"yoast-schema-graph\">{\"@context\":\"https:\/\/schema.org\",\"@graph\":[{\"@type\":\"WebPage\",\"@id\":\"https:\/\/contafistodoxestion.com\/quienes-somos\/\",\"url\":\"https:\/\/contafistodoxestion.com\/quienes-somos\/\",\"name\":\"Qui\u00e9nes somos - ContaFis TodoXesti\u00f3n\",\"isPartOf\":{\"@id\":\"https:\/\/contafistodoxestion.com\/#website\"},\"primaryImageOfPage\":{\"@id\":\"https:\/\/contafistodoxestion.com\/quienes-somos\/#primaryimage\"},\"image\":{\"@id\":\"https:\/\/contafistodoxestion.com\/quienes-somos\/#primaryimage\"},\"thumbnailUrl\":\"https:\/\/contafistodoxestion.com\/wp-content\/uploads\/2025\/04\/FACHADA-ASESORIA.jpg\",\"datePublished\":\"2021-08-29T16:49:25+00:00\",\"dateModified\":\"2025-04-14T15:15:55+00:00\",\"breadcrumb\":{\"@id\":\"https:\/\/contafistodoxestion.com\/quienes-somos\/#breadcrumb\"},\"inLanguage\":\"gl-ES\",\"potentialAction\":[{\"@type\":\"ReadAction\",\"target\":[\"https:\/\/contafistodoxestion.com\/quienes-somos\/\"]}]},{\"@type\":\"ImageObject\",\"inLanguage\":\"gl-ES\",\"@id\":\"https:\/\/contafistodoxestion.com\/quienes-somos\/#primaryimage\",\"url\":\"https:\/\/contafistodoxestion.com\/wp-content\/uploads\/2025\/04\/FACHADA-ASESORIA.jpg\",\"contentUrl\":\"https:\/\/contafistodoxestion.com\/wp-content\/uploads\/2025\/04\/FACHADA-ASESORIA.jpg\"},{\"@type\":\"BreadcrumbList\",\"@id\":\"https:\/\/contafistodoxestion.com\/quienes-somos\/#breadcrumb\",\"itemListElement\":[{\"@type\":\"ListItem\",\"position\":1,\"name\":\"Portada\",\"item\":\"https:\/\/contafistodoxestion.com\/\"},{\"@type\":\"ListItem\",\"position\":2,\"name\":\"Qui\u00e9nes somos\"}]},{\"@type\":\"WebSite\",\"@id\":\"https:\/\/contafistodoxestion.com\/#website\",\"url\":\"https:\/\/contafistodoxestion.com\/\",\"name\":\"ContaFis TodoXesti\u00f3n\",\"description\":\"\",\"publisher\":{\"@id\":\"https:\/\/contafistodoxestion.com\/#organization\"},\"potentialAction\":[{\"@type\":\"SearchAction\",\"target\":{\"@type\":\"EntryPoint\",\"urlTemplate\":\"https:\/\/contafistodoxestion.com\/?s={search_term_string}\"},\"query-input\":{\"@type\":\"PropertyValueSpecification\",\"valueRequired\":true,\"valueName\":\"search_term_string\"}}],\"inLanguage\":\"gl-ES\"},{\"@type\":\"Organization\",\"@id\":\"https:\/\/contafistodoxestion.com\/#organization\",\"name\":\"CONTAFIS TODOXESTION SL\",\"url\":\"https:\/\/contafistodoxestion.com\/\",\"logo\":{\"@type\":\"ImageObject\",\"inLanguage\":\"gl-ES\",\"@id\":\"https:\/\/contafistodoxestion.com\/#\/schema\/logo\/image\/\",\"url\":\"https:\/\/contafistodoxestion.com\/wp-content\/uploads\/2021\/08\/logo-Contafis-vertical.jpg\",\"contentUrl\":\"https:\/\/contafistodoxestion.com\/wp-content\/uploads\/2021\/08\/logo-Contafis-vertical.jpg\",\"width\":259,\"height\":120,\"caption\":\"CONTAFIS TODOXESTION SL\"},\"image\":{\"@id\":\"https:\/\/contafistodoxestion.com\/#\/schema\/logo\/image\/\"}}]}<\/script>\n<!-- \/ Yoast SEO plugin. -->","yoast_head_json":{"title":"Qui\u00e9nes somos - ContaFis TodoXesti\u00f3n","robots":{"index":"index","follow":"follow","max-snippet":"max-snippet:-1","max-image-preview":"max-image-preview:large","max-video-preview":"max-video-preview:-1"},"canonical":"https:\/\/contafistodoxestion.com\/gl\/quienes-somos\/","og_locale":"gl_ES","og_type":"article","og_title":"Qui\u00e9nes somos - ContaFis TodoXesti\u00f3n","og_description":"ContaFis TodoXesti\u00f3n En Contafis TodoXesti\u00f3n, nos especializamos en ofrecer un servicio integral de asesoramiento fiscal, contable y laboral para empresas, aut\u00f3nomos y particulares. Nuestro equipo est\u00e1 compuesto por profesionales con amplia experiencia en cada \u00e1rea, comprometidos en brindarte soluciones eficientes y personalizadas. Sabemos que gestionar un negocio implica tomar decisiones clave y cumplir con numerosas [&hellip;]","og_url":"https:\/\/contafistodoxestion.com\/gl\/quienes-somos\/","og_site_name":"ContaFis TodoXesti\u00f3n","article_modified_time":"2025-04-14T15:15:55+00:00","og_image":[{"url":"https:\/\/contafistodoxestion.com\/wp-content\/uploads\/2025\/04\/FACHADA-ASESORIA.jpg","type":"","width":"","height":""}],"twitter_card":"summary_large_image","twitter_misc":{"Tempo de lectura":"1 minuto"},"schema":{"@context":"https:\/\/schema.org","@graph":[{"@type":"WebPage","@id":"https:\/\/contafistodoxestion.com\/quienes-somos\/","url":"https:\/\/contafistodoxestion.com\/quienes-somos\/","name":"Qui\u00e9nes somos - ContaFis TodoXesti\u00f3n","isPartOf":{"@id":"https:\/\/contafistodoxestion.com\/#website"},"primaryImageOfPage":{"@id":"https:\/\/contafistodoxestion.com\/quienes-somos\/#primaryimage"},"image":{"@id":"https:\/\/contafistodoxestion.com\/quienes-somos\/#primaryimage"},"thumbnailUrl":"https:\/\/contafistodoxestion.com\/wp-content\/uploads\/2025\/04\/FACHADA-ASESORIA.jpg","datePublished":"2021-08-29T16:49:25+00:00","dateModified":"2025-04-14T15:15:55+00:00","breadcrumb":{"@id":"https:\/\/contafistodoxestion.com\/quienes-somos\/#breadcrumb"},"inLanguage":"gl-ES","potentialAction":[{"@type":"ReadAction","target":["https:\/\/contafistodoxestion.com\/quienes-somos\/"]}]},{"@type":"ImageObject","inLanguage":"gl-ES","@id":"https:\/\/contafistodoxestion.com\/quienes-somos\/#primaryimage","url":"https:\/\/contafistodoxestion.com\/wp-content\/uploads\/2025\/04\/FACHADA-ASESORIA.jpg","contentUrl":"https:\/\/contafistodoxestion.com\/wp-content\/uploads\/2025\/04\/FACHADA-ASESORIA.jpg"},{"@type":"BreadcrumbList","@id":"https:\/\/contafistodoxestion.com\/quienes-somos\/#breadcrumb","itemListElement":[{"@type":"ListItem","position":1,"name":"Portada","item":"https:\/\/contafistodoxestion.com\/"},{"@type":"ListItem","position":2,"name":"Qui\u00e9nes somos"}]},{"@type":"WebSite","@id":"https:\/\/contafistodoxestion.com\/#website","url":"https:\/\/contafistodoxestion.com\/","name":"ContaFis TodoXesti\u00f3n","description":"","publisher":{"@id":"https:\/\/contafistodoxestion.com\/#organization"},"potentialAction":[{"@type":"SearchAction","target":{"@type":"EntryPoint","urlTemplate":"https:\/\/contafistodoxestion.com\/?s={search_term_string}"},"query-input":{"@type":"PropertyValueSpecification","valueRequired":true,"valueName":"search_term_string"}}],"inLanguage":"gl-ES"},{"@type":"Organization","@id":"https:\/\/contafistodoxestion.com\/#organization","name":"CONTAFIS TODOXESTION SL","url":"https:\/\/contafistodoxestion.com\/","logo":{"@type":"ImageObject","inLanguage":"gl-ES","@id":"https:\/\/contafistodoxestion.com\/#\/schema\/logo\/image\/","url":"https:\/\/contafistodoxestion.com\/wp-content\/uploads\/2021\/08\/logo-Contafis-vertical.jpg","contentUrl":"https:\/\/contafistodoxestion.com\/wp-content\/uploads\/2021\/08\/logo-Contafis-vertical.jpg","width":259,"height":120,"caption":"CONTAFIS TODOXESTION SL"},"image":{"@id":"https:\/\/contafistodoxestion.com\/#\/schema\/logo\/image\/"}}]}},"_links":{"self":[{"href":"https:\/\/contafistodoxestion.com\/gl\/wp-json\/wp\/v2\/pages\/23","targetHints":{"allow":["GET"]}}],"collection":[{"href":"https:\/\/contafistodoxestion.com\/gl\/wp-json\/wp\/v2\/pages"}],"about":[{"href":"https:\/\/contafistodoxestion.com\/gl\/wp-json\/wp\/v2\/types\/page"}],"author":[{"embeddable":true,"href":"https:\/\/contafistodoxestion.com\/gl\/wp-json\/wp\/v2\/users\/1"}],"replies":[{"embeddable":true,"href":"https:\/\/contafistodoxestion.com\/gl\/wp-json\/wp\/v2\/comments?post=23"}],"version-history":[{"count":26,"href":"https:\/\/contafistodoxestion.com\/gl\/wp-json\/wp\/v2\/pages\/23\/revisions"}],"predecessor-version":[{"id":934,"href":"https:\/\/contafistodoxestion.com\/gl\/wp-json\/wp\/v2\/pages\/23\/revisions\/934"}],"wp:attachment":[{"href":"https:\/\/contafistodoxestion.com\/gl\/wp-json\/wp\/v2\/media?parent=23"}],"curies":[{"name":"wp","href":"https:\/\/api.w.org\/{rel}","templated":true}]}}